{"id":1325,"date":"2024-08-13T17:14:34","date_gmt":"2024-08-13T15:14:34","guid":{"rendered":"https:\/\/www.reisemagnet.de\/rueckblick\/?page_id=1325"},"modified":"2025-01-12T10:40:19","modified_gmt":"2025-01-12T09:40:19","slug":"albanien","status":"publish","type":"page","link":"https:\/\/www.reisemagnet.de\/rueckblick\/albanien\/","title":{"rendered":"Albanien"},"content":{"rendered":"\n<h1 class=\"wp-block-heading alignwide\">Albanien<\/h1>\n\n\n\n<p class=\"text-above-galleries animate3\">Unsere Tour f\u00fchrte uns durch die sch\u00f6nsten T\u00e4ler Albaniens. Eine Reise in die Natur, in die Urspr\u00fcnglichkeit, in seine faszinierende Landschaft, zu seinen Einwohnern und in seine Tierwelt. Wir haben in kalten, klaren Bergfl\u00fcssen gebadet, bekannte Festungen angeschaut, K\u00e4se direkt frisch vom Bergbauern bezogen, uns in die Fluten eines wundersch\u00f6nen Stausees gest\u00fcrzt, die F\u00e4hre von Koman genutzt, in der Lagune Patok Fisch in Stelzenh\u00e4usern gegessen und wundersch\u00f6ne Br\u00fccken und atemberaubende Landschaften bestaunt.<\/p>\n\n\n\n<div class=\"wp-block-group alignwide gallery-frame is-layout-flow wp-block-group-is-layout-flow\">\n<h2 class=\"wp-block-heading alignwide\">Albanien-Tour<\/h2>\n\n\n\n<h3 class=\"wp-block-heading\">August 2015<\/h3>\n\n\n\n<figure class=\"wp-block-gallery has-nested-images columns-6  animate1 wp-block-gallery-1 is-layout-flex wp-block-gallery-is-layout-flex\">\n<figure class=\"wp-block-image size-large\"><a href=\"https:\/\/www.reisemagnet.de\/rueckblick\/wp-content\/uploads\/albanien-01.jpg\"><img decoding=\"async\" src=\"https:\/\/www.reisemagnet.de\/rueckblick\/wp-content\/uploads\/albanien-01-250x167.jpg\" alt=\"\"\/><\/a><figcaption class=\"wp-element-caption\">Dubrovnik, die alte Hafenstadt an der Adria, mit ihren bis 14 m hohen Verteidigungsmauern.<\/figcaption><\/figure>\n\n\n\n<figure class=\"wp-block-image size-thumbnail\"><a href=\"https:\/\/www.reisemagnet.de\/rueckblick\/wp-content\/uploads\/albanien-02.jpg\"><img decoding=\"async\" src=\"https:\/\/www.reisemagnet.de\/rueckblick\/wp-content\/uploads\/albanien-02-250x167.jpg\" alt=\"\" class=\"wp-image-1781\"\/><\/a><figcaption class=\"wp-element-caption\">Blick in die Gassen von Dubrovnik.<\/figcaption><\/figure>\n\n\n\n<figure class=\"wp-block-image size-thumbnail\"><a href=\"https:\/\/www.reisemagnet.de\/rueckblick\/wp-content\/uploads\/albanien-03.jpg\"><img decoding=\"async\" src=\"https:\/\/www.reisemagnet.de\/rueckblick\/wp-content\/uploads\/albanien-03-250x167.jpg\" alt=\"\" class=\"wp-image-1782\"\/><\/a><figcaption class=\"wp-element-caption\">Mit der F\u00e4hre \u00fcber die engste Stelle der Boka Kotorska in Montenegro.<\/figcaption><\/figure>\n\n\n\n<figure class=\"wp-block-image size-thumbnail\"><a href=\"https:\/\/www.reisemagnet.de\/rueckblick\/wp-content\/uploads\/albanien-04.jpg\"><img decoding=\"async\" src=\"https:\/\/www.reisemagnet.de\/rueckblick\/wp-content\/uploads\/albanien-04-250x167.jpg\" alt=\"\" class=\"wp-image-1783\"\/><\/a><figcaption class=\"wp-element-caption\">Eigenwillige Architektur, hier zu Beginn der &#8222;Albanischen Alpen&#8220;.<\/figcaption><\/figure>\n\n\n\n<figure class=\"wp-block-image size-thumbnail\"><a href=\"https:\/\/www.reisemagnet.de\/rueckblick\/wp-content\/uploads\/albanien-05.jpg\"><img decoding=\"async\" src=\"https:\/\/www.reisemagnet.de\/rueckblick\/wp-content\/uploads\/albanien-05-250x167.jpg\" alt=\"\" class=\"wp-image-1784\"\/><\/a><figcaption class=\"wp-element-caption\">Von Koplik nach Boge, unsere Zufahrt nach Theth.<\/figcaption><\/figure>\n\n\n\n<figure class=\"wp-block-image size-thumbnail\"><a href=\"https:\/\/www.reisemagnet.de\/rueckblick\/wp-content\/uploads\/albanien-06.jpg\"><img decoding=\"async\" src=\"https:\/\/www.reisemagnet.de\/rueckblick\/wp-content\/uploads\/albanien-06-250x167.jpg\" alt=\"\" class=\"wp-image-1785\"\/><\/a><figcaption class=\"wp-element-caption\">Der Pass des &#8222;Maja e Cardakut&#8220; nord\u00f6stlich von Boge.<\/figcaption><\/figure>\n\n\n\n<figure class=\"wp-block-image size-thumbnail\"><a href=\"https:\/\/www.reisemagnet.de\/rueckblick\/wp-content\/uploads\/albanien-07.jpg\"><img decoding=\"async\" src=\"https:\/\/www.reisemagnet.de\/rueckblick\/wp-content\/uploads\/albanien-07-250x167.jpg\" alt=\"\" class=\"wp-image-1786\"\/><\/a><figcaption class=\"wp-element-caption\">Die gigantische Bergwelt der &#8222;Albanischen Alpen&#8220;.<\/figcaption><\/figure>\n\n\n\n<figure class=\"wp-block-image size-thumbnail\"><a href=\"https:\/\/www.reisemagnet.de\/rueckblick\/wp-content\/uploads\/albanien-08.jpg\"><img decoding=\"async\" src=\"https:\/\/www.reisemagnet.de\/rueckblick\/wp-content\/uploads\/albanien-08-250x167.jpg\" alt=\"\" class=\"wp-image-1787\"\/><\/a><figcaption class=\"wp-element-caption\">Es gibt zum Gl\u00fcck wenig Gegenverkehr, aber wenn, dann sollte man mit allem rechnen.<\/figcaption><\/figure>\n\n\n\n<figure class=\"wp-block-image size-thumbnail\"><a href=\"https:\/\/www.reisemagnet.de\/rueckblick\/wp-content\/uploads\/albanien-09.jpg\"><img decoding=\"async\" src=\"https:\/\/www.reisemagnet.de\/rueckblick\/wp-content\/uploads\/albanien-09-250x167.jpg\" alt=\"\" class=\"wp-image-1788\"\/><\/a><figcaption class=\"wp-element-caption\">Erste Ber\u00fchrung mit dem Tal von Theth, jener mythenumwobenen Gegend, abgelegen in der Bergwelt.<\/figcaption><\/figure>\n\n\n\n<figure class=\"wp-block-image size-thumbnail\"><a href=\"https:\/\/www.reisemagnet.de\/rueckblick\/wp-content\/uploads\/albanien-10.jpg\"><img decoding=\"async\" src=\"https:\/\/www.reisemagnet.de\/rueckblick\/wp-content\/uploads\/albanien-10-250x167.jpg\" alt=\"\" class=\"wp-image-1789\"\/><\/a><figcaption class=\"wp-element-caption\">Wenige H\u00e4user, ein Campingplatz, ein Kirche und ein Blutracheturm im Tal von Theth.<\/figcaption><\/figure>\n\n\n\n<figure class=\"wp-block-image size-thumbnail\"><a href=\"https:\/\/www.reisemagnet.de\/rueckblick\/wp-content\/uploads\/albanien-11.jpg\"><img decoding=\"async\" src=\"https:\/\/www.reisemagnet.de\/rueckblick\/wp-content\/uploads\/albanien-11-250x167.jpg\" alt=\"\" class=\"wp-image-1790\"\/><\/a><figcaption class=\"wp-element-caption\">Autow\u00e4sche auf Albanisch. Gebaut wurde diese Leitung wohl einmal zu anderen Zwecken.<\/figcaption><\/figure>\n\n\n\n<figure class=\"wp-block-image size-thumbnail\"><a href=\"https:\/\/www.reisemagnet.de\/rueckblick\/wp-content\/uploads\/albanien-12.jpg\"><img decoding=\"async\" src=\"https:\/\/www.reisemagnet.de\/rueckblick\/wp-content\/uploads\/albanien-12-250x167.jpg\" alt=\"\" class=\"wp-image-1791\"\/><\/a><figcaption class=\"wp-element-caption\">Idyllische Momente wie hier am klaren, kalten Bergfluss lassen uns gern verweilen.<\/figcaption><\/figure>\n\n\n\n<figure class=\"wp-block-image size-thumbnail\"><a href=\"https:\/\/www.reisemagnet.de\/rueckblick\/wp-content\/uploads\/albanien-13.jpg\"><img decoding=\"async\" src=\"https:\/\/www.reisemagnet.de\/rueckblick\/wp-content\/uploads\/albanien-13-250x167.jpg\" alt=\"\" class=\"wp-image-1792\"\/><\/a><figcaption class=\"wp-element-caption\">Br\u00fccken wie diese werden wir noch viele sehen. Die meisten in einem viel schlechteren Zustand.<\/figcaption><\/figure>\n\n\n\n<figure class=\"wp-block-image size-thumbnail\"><a href=\"https:\/\/www.reisemagnet.de\/rueckblick\/wp-content\/uploads\/albanien-14.jpg\"><img decoding=\"async\" src=\"https:\/\/www.reisemagnet.de\/rueckblick\/wp-content\/uploads\/albanien-14-250x167.jpg\" alt=\"\" class=\"wp-image-1793\"\/><\/a><figcaption class=\"wp-element-caption\">Von Theth nach Shkoder durch die T\u00e4ler des Shale und Kiri.<\/figcaption><\/figure>\n\n\n\n<figure class=\"wp-block-image size-thumbnail\"><a href=\"https:\/\/www.reisemagnet.de\/rueckblick\/wp-content\/uploads\/albanien-15.jpg\"><img decoding=\"async\" src=\"https:\/\/www.reisemagnet.de\/rueckblick\/wp-content\/uploads\/albanien-15-250x167.jpg\" alt=\"\" class=\"wp-image-1794\"\/><\/a><figcaption class=\"wp-element-caption\">Links Felswand, rechts Schlucht, Wegbegleitung \u00fcber viele Kilometer.<\/figcaption><\/figure>\n\n\n\n<figure class=\"wp-block-image size-thumbnail\"><a href=\"https:\/\/www.reisemagnet.de\/rueckblick\/wp-content\/uploads\/albanien-16.jpg\"><img decoding=\"async\" src=\"https:\/\/www.reisemagnet.de\/rueckblick\/wp-content\/uploads\/albanien-16-250x167.jpg\" alt=\"\" class=\"wp-image-1795\"\/><\/a><figcaption class=\"wp-element-caption\">Gut erhaltenes Relikt der Antike, die historische Br\u00fccke von Mes.<\/figcaption><\/figure>\n\n\n\n<figure class=\"wp-block-image size-thumbnail\"><a href=\"https:\/\/www.reisemagnet.de\/rueckblick\/wp-content\/uploads\/albanien-17.jpg\"><img decoding=\"async\" src=\"https:\/\/www.reisemagnet.de\/rueckblick\/wp-content\/uploads\/albanien-17-250x167.jpg\" alt=\"\" class=\"wp-image-1796\"\/><\/a><figcaption class=\"wp-element-caption\">Die Fahrzeuge zur\u00fccklassen und zu Fu\u00df ins Restaurant.<\/figcaption><\/figure>\n\n\n\n<figure class=\"wp-block-image size-thumbnail\"><a href=\"https:\/\/www.reisemagnet.de\/rueckblick\/wp-content\/uploads\/albanien-18.jpg\"><img decoding=\"async\" src=\"https:\/\/www.reisemagnet.de\/rueckblick\/wp-content\/uploads\/albanien-18-250x167.jpg\" alt=\"\" class=\"wp-image-1797\"\/><\/a><figcaption class=\"wp-element-caption\">Die k\u00fcrzeste Stelle \u00fcber einen Zulauf des Kiri.<\/figcaption><\/figure>\n\n\n\n<figure class=\"wp-block-image size-thumbnail\"><a href=\"https:\/\/www.reisemagnet.de\/rueckblick\/wp-content\/uploads\/albanien-19.jpg\"><img decoding=\"async\" src=\"https:\/\/www.reisemagnet.de\/rueckblick\/wp-content\/uploads\/albanien-19-250x167.jpg\" alt=\"\" class=\"wp-image-1798\"\/><\/a><figcaption class=\"wp-element-caption\">Blick auf das Flussbett des Kiri und die Stadt Shkoder.<\/figcaption><\/figure>\n\n\n\n<figure class=\"wp-block-image size-thumbnail\"><a href=\"https:\/\/www.reisemagnet.de\/rueckblick\/wp-content\/uploads\/albanien-20.jpg\"><img decoding=\"async\" src=\"https:\/\/www.reisemagnet.de\/rueckblick\/wp-content\/uploads\/albanien-20-250x167.jpg\" alt=\"\" class=\"wp-image-1799\"\/><\/a><figcaption class=\"wp-element-caption\">Moschee und Kirche dicht beisammen &#8211; Akzeptanz verschiedener Religionen auf engstem Raum.<\/figcaption><\/figure>\n\n\n\n<figure class=\"wp-block-image size-thumbnail\"><a href=\"https:\/\/www.reisemagnet.de\/rueckblick\/wp-content\/uploads\/albanien-21.jpg\"><img decoding=\"async\" src=\"https:\/\/www.reisemagnet.de\/rueckblick\/wp-content\/uploads\/albanien-21-250x167.jpg\" alt=\"\" class=\"wp-image-1800\"\/><\/a><figcaption class=\"wp-element-caption\">Zalando in Shkoder.<\/figcaption><\/figure>\n\n\n\n<figure class=\"wp-block-image size-thumbnail\"><a href=\"https:\/\/www.reisemagnet.de\/rueckblick\/wp-content\/uploads\/albanien-22.jpg\"><img decoding=\"async\" src=\"https:\/\/www.reisemagnet.de\/rueckblick\/wp-content\/uploads\/albanien-22-250x167.jpg\" alt=\"\" class=\"wp-image-1801\"\/><\/a><figcaption class=\"wp-element-caption\">Die Festung Rozafa am s\u00fcdlichen Stadtrand von Shkoder.<\/figcaption><\/figure>\n\n\n\n<figure class=\"wp-block-image size-thumbnail\"><a href=\"https:\/\/www.reisemagnet.de\/rueckblick\/wp-content\/uploads\/albanien-23.jpg\"><img decoding=\"async\" src=\"https:\/\/www.reisemagnet.de\/rueckblick\/wp-content\/uploads\/albanien-23-250x167.jpg\" alt=\"\" class=\"wp-image-1802\"\/><\/a><figcaption class=\"wp-element-caption\">Die Lagune von Patok besticht durch ihre Stelzenh\u00e4user.<\/figcaption><\/figure>\n\n\n\n<figure class=\"wp-block-image size-thumbnail\"><a href=\"https:\/\/www.reisemagnet.de\/rueckblick\/wp-content\/uploads\/albanien-24.jpg\"><img decoding=\"async\" src=\"https:\/\/www.reisemagnet.de\/rueckblick\/wp-content\/uploads\/albanien-24-250x167.jpg\" alt=\"\" class=\"wp-image-1803\"\/><\/a><figcaption class=\"wp-element-caption\">Die Festungsanlage von Kruje z\u00e4hlt zum Weltkulturerbe.<\/figcaption><\/figure>\n\n\n\n<figure class=\"wp-block-image size-thumbnail\"><a href=\"https:\/\/www.reisemagnet.de\/rueckblick\/wp-content\/uploads\/albanien-25.jpg\"><img decoding=\"async\" src=\"https:\/\/www.reisemagnet.de\/rueckblick\/wp-content\/uploads\/albanien-25-250x167.jpg\" alt=\"\" class=\"wp-image-1804\"\/><\/a><figcaption class=\"wp-element-caption\">Vorbei am &#8222;Shebenik Jabllanica&#8220;, dem j\u00fcngsten Nationalpark Albaniens s\u00fcdlich von Kukes.<\/figcaption><\/figure>\n\n\n\n<figure class=\"wp-block-image size-thumbnail\"><a href=\"https:\/\/www.reisemagnet.de\/rueckblick\/wp-content\/uploads\/albanien-26.jpg\"><img decoding=\"async\" src=\"https:\/\/www.reisemagnet.de\/rueckblick\/wp-content\/uploads\/albanien-26-250x167.jpg\" alt=\"\" class=\"wp-image-1805\"\/><\/a><figcaption class=\"wp-element-caption\">Enge Passagen und die Tier- und Pflanzenwelt direkt zum Anfassen.<\/figcaption><\/figure>\n\n\n\n<figure class=\"wp-block-image size-thumbnail\"><a href=\"https:\/\/www.reisemagnet.de\/rueckblick\/wp-content\/uploads\/albanien-27.jpg\"><img decoding=\"async\" src=\"https:\/\/www.reisemagnet.de\/rueckblick\/wp-content\/uploads\/albanien-27-250x167.jpg\" alt=\"\" class=\"wp-image-1806\"\/><\/a><figcaption class=\"wp-element-caption\">Unser Weg in die T\u00e4ler des schwarzen Drin. Wir wollen die Bergbauern besuchen.<\/figcaption><\/figure>\n\n\n\n<figure class=\"wp-block-image size-thumbnail\"><a href=\"https:\/\/www.reisemagnet.de\/rueckblick\/wp-content\/uploads\/albanien-28.jpg\"><img decoding=\"async\" src=\"https:\/\/www.reisemagnet.de\/rueckblick\/wp-content\/uploads\/albanien-28-250x167.jpg\" alt=\"\" class=\"wp-image-1807\"\/><\/a><figcaption class=\"wp-element-caption\">Die Piste windet sich am Berghang entlang, wie hier zwischen Kukes und Peshkopia.<\/figcaption><\/figure>\n\n\n\n<figure class=\"wp-block-image size-thumbnail\"><a href=\"https:\/\/www.reisemagnet.de\/rueckblick\/wp-content\/uploads\/albanien-29.jpg\"><img decoding=\"async\" src=\"https:\/\/www.reisemagnet.de\/rueckblick\/wp-content\/uploads\/albanien-29-250x167.jpg\" alt=\"\" class=\"wp-image-1808\"\/><\/a><figcaption class=\"wp-element-caption\">Transportmittel auf teils unwegsamen Gel\u00e4nde sind nach wie vor Pferde oder Maulesel.<\/figcaption><\/figure>\n\n\n\n<figure class=\"wp-block-image size-thumbnail\"><a href=\"https:\/\/www.reisemagnet.de\/rueckblick\/wp-content\/uploads\/albanien-30.jpg\"><img decoding=\"async\" src=\"https:\/\/www.reisemagnet.de\/rueckblick\/wp-content\/uploads\/albanien-30-250x167.jpg\" alt=\"\" class=\"wp-image-1809\"\/><\/a><figcaption class=\"wp-element-caption\">Bei 38 Grad Au\u00dfentemperatur l\u00e4dt diese Stelle zum Rasten und Baden ein.<\/figcaption><\/figure>\n\n\n\n<figure class=\"wp-block-image size-thumbnail\"><a href=\"https:\/\/www.reisemagnet.de\/rueckblick\/wp-content\/uploads\/albanien-31.jpg\"><img decoding=\"async\" src=\"https:\/\/www.reisemagnet.de\/rueckblick\/wp-content\/uploads\/albanien-31-250x167.jpg\" alt=\"\" class=\"wp-image-1810\"\/><\/a><figcaption class=\"wp-element-caption\">Camping bei Bergbauern mit einer grandiosen Guten-Morgen-Aussicht.<\/figcaption><\/figure>\n\n\n\n<figure class=\"wp-block-image size-thumbnail\"><a href=\"https:\/\/www.reisemagnet.de\/rueckblick\/wp-content\/uploads\/albanien-32.jpg\"><img decoding=\"async\" src=\"https:\/\/www.reisemagnet.de\/rueckblick\/wp-content\/uploads\/albanien-32-250x167.jpg\" alt=\"\" class=\"wp-image-1811\"\/><\/a><figcaption class=\"wp-element-caption\">Also an dieser Stelle nicht. Weder mit dem Auto noch zu Fu\u00df.<\/figcaption><\/figure>\n\n\n\n<figure class=\"wp-block-image size-thumbnail\"><a href=\"https:\/\/www.reisemagnet.de\/rueckblick\/wp-content\/uploads\/albanien-33.jpg\"><img decoding=\"async\" src=\"https:\/\/www.reisemagnet.de\/rueckblick\/wp-content\/uploads\/albanien-33-250x167.jpg\" alt=\"\" class=\"wp-image-1812\"\/><\/a><figcaption class=\"wp-element-caption\">Die Br\u00fccken in Albanien haben es uns angetan. Diese ist eine der neueren Exemplare.<\/figcaption><\/figure>\n\n\n\n<figure class=\"wp-block-image size-thumbnail\"><a href=\"https:\/\/www.reisemagnet.de\/rueckblick\/wp-content\/uploads\/albanien-34.jpg\"><img decoding=\"async\" src=\"https:\/\/www.reisemagnet.de\/rueckblick\/wp-content\/uploads\/albanien-34-250x167.jpg\" alt=\"\" class=\"wp-image-1813\"\/><\/a><figcaption class=\"wp-element-caption\">Ein wundersch\u00f6ner Bade- und Campingplatz. Der schwarze Drin hat hier eine enorme Str\u00f6mung.<\/figcaption><\/figure>\n\n\n\n<figure class=\"wp-block-image size-thumbnail\"><a href=\"https:\/\/www.reisemagnet.de\/rueckblick\/wp-content\/uploads\/albanien-35.jpg\"><img decoding=\"async\" src=\"https:\/\/www.reisemagnet.de\/rueckblick\/wp-content\/uploads\/albanien-35-250x167.jpg\" alt=\"\" class=\"wp-image-1814\"\/><\/a><figcaption class=\"wp-element-caption\">Auff\u00fcllen der Vorr\u00e4te. Stra\u00dfenst\u00e4nde sind, au\u00dfer an den abgelegenen Pisten, \u00fcberall zu finden.<\/figcaption><\/figure>\n\n\n\n<figure class=\"wp-block-image size-thumbnail\"><a href=\"https:\/\/www.reisemagnet.de\/rueckblick\/wp-content\/uploads\/albanien-36.jpg\"><img decoding=\"async\" src=\"https:\/\/www.reisemagnet.de\/rueckblick\/wp-content\/uploads\/albanien-36-250x167.jpg\" alt=\"\" class=\"wp-image-1815\"\/><\/a><figcaption class=\"wp-element-caption\">Berat ist seit jeher Heimat der verschiedensten Religionen. Hier der osmanische Stadtteil von Berat.<\/figcaption><\/figure>\n\n\n\n<figure class=\"wp-block-image size-thumbnail\"><a href=\"https:\/\/www.reisemagnet.de\/rueckblick\/wp-content\/uploads\/albanien-37.jpg\"><img decoding=\"async\" src=\"https:\/\/www.reisemagnet.de\/rueckblick\/wp-content\/uploads\/albanien-37-250x167.jpg\" alt=\"\" class=\"wp-image-1816\"\/><\/a><figcaption class=\"wp-element-caption\">F\u00fcr die Bewohner eine Ersparnis von 40 km, um in die Stadt zu gelangen.<\/figcaption><\/figure>\n\n\n\n<figure class=\"wp-block-image size-thumbnail\"><a href=\"https:\/\/www.reisemagnet.de\/rueckblick\/wp-content\/uploads\/albanien-38.jpg\"><img decoding=\"async\" src=\"https:\/\/www.reisemagnet.de\/rueckblick\/wp-content\/uploads\/albanien-38-250x167.jpg\" alt=\"\" class=\"wp-image-1817\"\/><\/a><figcaption class=\"wp-element-caption\">Eine &#8222;Gasse zu bauen&#8220; war auf unserem Weg durch die Berge mehrmals n\u00f6tig.<\/figcaption><\/figure>\n\n\n\n<figure class=\"wp-block-image size-thumbnail\"><a href=\"https:\/\/www.reisemagnet.de\/rueckblick\/wp-content\/uploads\/albanien-39.jpg\"><img decoding=\"async\" src=\"https:\/\/www.reisemagnet.de\/rueckblick\/wp-content\/uploads\/albanien-39-250x167.jpg\" alt=\"\" class=\"wp-image-1818\"\/><\/a><figcaption class=\"wp-element-caption\">Hier beginnen die sp\u00e4ter steil abfallenden Serpentinen auf der Strecke von Vlore zur &#8222;Albanischen Rivera&#8220;.<\/figcaption><\/figure>\n<\/figure>\n<\/div>\n","protected":false},"excerpt":{"rendered":"<p>Albanien Unsere Tour f\u00fchrte uns durch die sch\u00f6nsten T\u00e4ler Albaniens. Eine Reise in die Natur, in die Urspr\u00fcnglichkeit, in seine faszinierende Landschaft, zu seinen Einwohnern und in seine Tierwelt. Wir haben in kalten, klaren Bergfl\u00fcssen gebadet, bekannte Festungen angeschaut, K\u00e4se direkt frisch vom Bergbauern bezogen, uns in die Fluten eines wundersch\u00f6nen Stausees gest\u00fcrzt, die F\u00e4hre [&hellip;]<\/p>\n","protected":false},"author":1,"featured_media":0,"parent":0,"menu_order":0,"comment_status":"closed","ping_status":"closed","template":"","meta":{"footnotes":""},"class_list":["post-1325","page","type-page","status-publish","hentry"],"_links":{"self":[{"href":"https:\/\/www.reisemagnet.de\/rueckblick\/wp-json\/wp\/v2\/pages\/1325","targetHints":{"allow":["GET"]}}],"collection":[{"href":"https:\/\/www.reisemagnet.de\/rueckblick\/wp-json\/wp\/v2\/pages"}],"about":[{"href":"https:\/\/www.reisemagnet.de\/rueckblick\/wp-json\/wp\/v2\/types\/page"}],"author":[{"embeddable":true,"href":"https:\/\/www.reisemagnet.de\/rueckblick\/wp-json\/wp\/v2\/users\/1"}],"replies":[{"embeddable":true,"href":"https:\/\/www.reisemagnet.de\/rueckblick\/wp-json\/wp\/v2\/comments?post=1325"}],"version-history":[{"count":1,"href":"https:\/\/www.reisemagnet.de\/rueckblick\/wp-json\/wp\/v2\/pages\/1325\/revisions"}],"predecessor-version":[{"id":5781,"href":"https:\/\/www.reisemagnet.de\/rueckblick\/wp-json\/wp\/v2\/pages\/1325\/revisions\/5781"}],"wp:attachment":[{"href":"https:\/\/www.reisemagnet.de\/rueckblick\/wp-json\/wp\/v2\/media?parent=1325"}],"curies":[{"name":"wp","href":"https:\/\/api.w.org\/{rel}","templated":true}]}}