{"id":2820,"date":"2024-08-25T10:09:40","date_gmt":"2024-08-25T08:09:40","guid":{"rendered":"https:\/\/www.reisemagnet.de\/rueckblick\/?page_id=2820"},"modified":"2025-01-12T09:41:10","modified_gmt":"2025-01-12T08:41:10","slug":"syrien-jordanien","status":"publish","type":"page","link":"https:\/\/www.reisemagnet.de\/rueckblick\/syrien-jordanien\/","title":{"rendered":"Syrien \u00b7 Jordanien"},"content":{"rendered":"\n<h1 class=\"wp-block-heading\">Syrien \u00b7 Jordanien<\/h1>\n\n\n\n<p class=\"text-above-galleries animate3\">Eine wunderbare Schiffsreise auf einer nagelneuen F\u00e4hre quer \u00fcber das Mittelmeer. So sollte unser Weg durch den vorderen Orient beginnen. Wir wollten auf den Spuren der alten Kulturen der Nabat\u00e4er, der R\u00f6mer und der Kreuzritter wandeln. Palmyra, Damaskus, Petra, das Wadi Rum und Aquaba h\u00e4tten wir gern erlebt. Die Sch\u00f6nheit des Landes, seine Menschen und die Kultur sollten das Hauptziel unserer Reise werden. Die Touren 2011 mussten wegen der politischen Situation leider entfallen. Hier ein paar Fotos aus den Jahren zuvor.<\/p>\n\n\n\n<div class=\"wp-block-group alignwide gallery-frame is-layout-flow wp-block-group-is-layout-flow\">\n<h2 class=\"wp-block-heading alignwide\">Syrien \u00b7 Jordanien<\/h2>\n\n\n\n<h3 class=\"wp-block-heading\">Impressionen unserer Touren<\/h3>\n\n\n\n<figure class=\"wp-block-gallery has-nested-images columns-6 animate1 wp-block-gallery-1 is-layout-flex wp-block-gallery-is-layout-flex\">\n<figure class=\"wp-block-image size-thumbnail\"><a href=\"https:\/\/www.reisemagnet.de\/rueckblick\/wp-content\/uploads\/syrien-jordanien-01.jpg\"><img decoding=\"async\" src=\"https:\/\/www.reisemagnet.de\/rueckblick\/wp-content\/uploads\/syrien-jordanien-01-250x167.jpg\" alt=\"\" class=\"wp-image-2826\"\/><\/a><figcaption class=\"wp-element-caption\">Ein typisches Haus (Bienenhaus) des urspr\u00fcnglichen Syriens.<\/figcaption><\/figure>\n\n\n\n<figure class=\"wp-block-image size-thumbnail\"><a href=\"https:\/\/www.reisemagnet.de\/rueckblick\/wp-content\/uploads\/syrien-jordanien-02.jpg\"><img decoding=\"async\" src=\"https:\/\/www.reisemagnet.de\/rueckblick\/wp-content\/uploads\/syrien-jordanien-02-250x167.jpg\" alt=\"\" class=\"wp-image-2827\"\/><\/a><figcaption class=\"wp-element-caption\">Die r\u00f6mischen, 15 bis zu 20 Meter gro\u00dfen Wasserr\u00e4der im Ort Hama in Syrien sind die sehr wahrscheinlich weltweit \u00e4ltesten noch in Betrieb befindlichen Maschinen \u00fcberhaupt, die seit mehr als 1500 Jahren das Wasser ununterbrochen (!) aus dem tiefer gelegenen Orontes in angeschlossene Aqu\u00e4dukte sch\u00f6pfen.<\/figcaption><\/figure>\n\n\n\n<figure class=\"wp-block-image size-thumbnail\"><a href=\"https:\/\/www.reisemagnet.de\/rueckblick\/wp-content\/uploads\/syrien-jordanien-03.jpg\"><img decoding=\"async\" src=\"https:\/\/www.reisemagnet.de\/rueckblick\/wp-content\/uploads\/syrien-jordanien-03-250x167.jpg\" alt=\"\" class=\"wp-image-2828\"\/><\/a><figcaption class=\"wp-element-caption\">Einmalig &#8211; die Wasserr\u00e4der.<\/figcaption><\/figure>\n\n\n\n<figure class=\"wp-block-image size-thumbnail\"><a href=\"https:\/\/www.reisemagnet.de\/rueckblick\/wp-content\/uploads\/syrien-jordanien-04.jpg\"><img decoding=\"async\" src=\"https:\/\/www.reisemagnet.de\/rueckblick\/wp-content\/uploads\/syrien-jordanien-04-250x167.jpg\" alt=\"\" class=\"wp-image-2829\"\/><\/a><figcaption class=\"wp-element-caption\">Palmyra in Syrien, wenig Erhaltenes der r\u00f6mischen  Anlagen, die schon im Mittelalter einem Erdbeben zum Opfer fielen.<\/figcaption><\/figure>\n\n\n\n<figure class=\"wp-block-image size-thumbnail\"><a href=\"https:\/\/www.reisemagnet.de\/rueckblick\/wp-content\/uploads\/syrien-jordanien-05.jpg\"><img decoding=\"async\" src=\"https:\/\/www.reisemagnet.de\/rueckblick\/wp-content\/uploads\/syrien-jordanien-05-250x167.jpg\" alt=\"\" class=\"wp-image-2830\"\/><\/a><figcaption class=\"wp-element-caption\">Die noch bis 2015 teilweise erhaltenen Teile der r\u00f6mischen Ausgrabungen in Palmyra (Syrien).<\/figcaption><\/figure>\n\n\n\n<figure class=\"wp-block-image size-thumbnail\"><a href=\"https:\/\/www.reisemagnet.de\/rueckblick\/wp-content\/uploads\/syrien-jordanien-06.jpg\"><img decoding=\"async\" src=\"https:\/\/www.reisemagnet.de\/rueckblick\/wp-content\/uploads\/syrien-jordanien-06-250x167.jpg\" alt=\"\" class=\"wp-image-2831\"\/><\/a><figcaption class=\"wp-element-caption\">Im Hintergrund die Kreuzritterburg Krak des Chevaliers im Nordwesten von Syrien, unweit von Tartus am Mittelmeer.<\/figcaption><\/figure>\n\n\n\n<figure class=\"wp-block-image size-thumbnail\"><a href=\"https:\/\/www.reisemagnet.de\/rueckblick\/wp-content\/uploads\/syrien-jordanien-07.jpg\"><img decoding=\"async\" src=\"https:\/\/www.reisemagnet.de\/rueckblick\/wp-content\/uploads\/syrien-jordanien-07-250x167.jpg\" alt=\"\" class=\"wp-image-2832\"\/><\/a><figcaption class=\"wp-element-caption\">Krak de Chevalier, im Inneren der Kreuzritterburg aus dem Mittelalter.<\/figcaption><\/figure>\n\n\n\n<figure class=\"wp-block-image size-thumbnail\"><a href=\"https:\/\/www.reisemagnet.de\/rueckblick\/wp-content\/uploads\/syrien-jordanien-08.jpg\"><img decoding=\"async\" src=\"https:\/\/www.reisemagnet.de\/rueckblick\/wp-content\/uploads\/syrien-jordanien-08-250x167.jpg\" alt=\"\" class=\"wp-image-2833\"\/><\/a><figcaption class=\"wp-element-caption\">Die Ausgrabungen von Jerash im Norden von Jordanien sind sehr sehenswert.<\/figcaption><\/figure>\n\n\n\n<figure class=\"wp-block-image size-thumbnail\"><a href=\"https:\/\/www.reisemagnet.de\/rueckblick\/wp-content\/uploads\/syrien-jordanien-09.jpg\"><img decoding=\"async\" src=\"https:\/\/www.reisemagnet.de\/rueckblick\/wp-content\/uploads\/syrien-jordanien-09-250x167.jpg\" alt=\"\" class=\"wp-image-2834\"\/><\/a><figcaption class=\"wp-element-caption\">Am Ende der drei Kilometer langen Schlucht liegt das Eingangsportal der alten Nabat\u00e4erstadt Petra in Jordanien.<\/figcaption><\/figure>\n\n\n\n<figure class=\"wp-block-image size-thumbnail\"><a href=\"https:\/\/www.reisemagnet.de\/rueckblick\/wp-content\/uploads\/syrien-jordanien-10.jpg\"><img decoding=\"async\" src=\"https:\/\/www.reisemagnet.de\/rueckblick\/wp-content\/uploads\/syrien-jordanien-10-250x167.jpg\" alt=\"\" class=\"wp-image-2835\"\/><\/a><figcaption class=\"wp-element-caption\">In Petra, der Stadt der Nabat\u00e4er des Altertums, sind die H\u00e4user und besondere Geb\u00e4ude in die Felsw\u00e4nde gehauen.<\/figcaption><\/figure>\n\n\n\n<figure class=\"wp-block-image size-thumbnail\"><a href=\"https:\/\/www.reisemagnet.de\/rueckblick\/wp-content\/uploads\/syrien-jordanien-11.jpg\"><img decoding=\"async\" src=\"https:\/\/www.reisemagnet.de\/rueckblick\/wp-content\/uploads\/syrien-jordanien-11-250x167.jpg\" alt=\"\" class=\"wp-image-2836\"\/><\/a><figcaption class=\"wp-element-caption\">Durch die W\u00fcste (die Hintert\u00fcr) ins Wadi Rum Jordaniens.<\/figcaption><\/figure>\n\n\n\n<figure class=\"wp-block-image size-thumbnail\"><a href=\"https:\/\/www.reisemagnet.de\/rueckblick\/wp-content\/uploads\/syrien-jordanien-12.jpg\"><img decoding=\"async\" src=\"https:\/\/www.reisemagnet.de\/rueckblick\/wp-content\/uploads\/syrien-jordanien-12-250x167.jpg\" alt=\"\" class=\"wp-image-2837\"\/><\/a><figcaption class=\"wp-element-caption\">Die roten Felsen im Wadi Rum.<\/figcaption><\/figure>\n\n\n\n<figure class=\"wp-block-image size-thumbnail\"><a href=\"https:\/\/www.reisemagnet.de\/rueckblick\/wp-content\/uploads\/syrien-jordanien-13.jpg\"><img decoding=\"async\" src=\"https:\/\/www.reisemagnet.de\/rueckblick\/wp-content\/uploads\/syrien-jordanien-13-250x167.jpg\" alt=\"\" class=\"wp-image-2838\"\/><\/a><figcaption class=\"wp-element-caption\">W\u00fcste und Wadis mit steilen Felsw\u00e4nden l\u00f6sen sich im S\u00fcden Jordaniens ab.<\/figcaption><\/figure>\n\n\n\n<figure class=\"wp-block-image size-thumbnail\"><a href=\"https:\/\/www.reisemagnet.de\/rueckblick\/wp-content\/uploads\/syrien-jordanien-14.jpg\"><img decoding=\"async\" src=\"https:\/\/www.reisemagnet.de\/rueckblick\/wp-content\/uploads\/syrien-jordanien-14-250x167.jpg\" alt=\"\" class=\"wp-image-2839\"\/><\/a><figcaption class=\"wp-element-caption\">Aqaba, die s\u00fcdlichste Stadt Jordaniens, am Golf von Aqaba, Teil des Roten Meeres.<\/figcaption><\/figure>\n<\/figure>\n<\/div>\n","protected":false},"excerpt":{"rendered":"<p>Syrien \u00b7 Jordanien Eine wunderbare Schiffsreise auf einer nagelneuen F\u00e4hre quer \u00fcber das Mittelmeer. So sollte unser Weg durch den vorderen Orient beginnen. Wir wollten auf den Spuren der alten Kulturen der Nabat\u00e4er, der R\u00f6mer und der Kreuzritter wandeln. Palmyra, Damaskus, Petra, das Wadi Rum und Aquaba h\u00e4tten wir gern erlebt. Die Sch\u00f6nheit des Landes, [&hellip;]<\/p>\n","protected":false},"author":1,"featured_media":0,"parent":0,"menu_order":0,"comment_status":"closed","ping_status":"closed","template":"","meta":{"footnotes":""},"class_list":["post-2820","page","type-page","status-publish","hentry"],"_links":{"self":[{"href":"https:\/\/www.reisemagnet.de\/rueckblick\/wp-json\/wp\/v2\/pages\/2820","targetHints":{"allow":["GET"]}}],"collection":[{"href":"https:\/\/www.reisemagnet.de\/rueckblick\/wp-json\/wp\/v2\/pages"}],"about":[{"href":"https:\/\/www.reisemagnet.de\/rueckblick\/wp-json\/wp\/v2\/types\/page"}],"author":[{"embeddable":true,"href":"https:\/\/www.reisemagnet.de\/rueckblick\/wp-json\/wp\/v2\/users\/1"}],"replies":[{"embeddable":true,"href":"https:\/\/www.reisemagnet.de\/rueckblick\/wp-json\/wp\/v2\/comments?post=2820"}],"version-history":[{"count":1,"href":"https:\/\/www.reisemagnet.de\/rueckblick\/wp-json\/wp\/v2\/pages\/2820\/revisions"}],"predecessor-version":[{"id":5785,"href":"https:\/\/www.reisemagnet.de\/rueckblick\/wp-json\/wp\/v2\/pages\/2820\/revisions\/5785"}],"wp:attachment":[{"href":"https:\/\/www.reisemagnet.de\/rueckblick\/wp-json\/wp\/v2\/media?parent=2820"}],"curies":[{"name":"wp","href":"https:\/\/api.w.org\/{rel}","templated":true}]}}