{"id":2850,"date":"2024-08-25T12:11:01","date_gmt":"2024-08-25T10:11:01","guid":{"rendered":"https:\/\/www.reisemagnet.de\/rueckblick\/?page_id=2850"},"modified":"2025-01-12T09:39:55","modified_gmt":"2025-01-12T08:39:55","slug":"namibia","status":"publish","type":"page","link":"https:\/\/www.reisemagnet.de\/rueckblick\/namibia\/","title":{"rendered":"Namibia"},"content":{"rendered":"\n<h1 class=\"wp-block-heading\">Namibia f\u00fcr Individual\u00adreisende<\/h1>\n\n\n\n<p class=\"text-above-galleries animate3\">Unser Angebot war die Organisation und Vermittlung Ihrer privaten Tour, sei es mit dem 4&#215;4-Offroad-Fahrzeug oder klassisch mit dem PKW. Die Einreise nach Namibia galt als relativ einfach. Allerdings mussten f\u00fcr die Reise im Land einige grundlegende Dinge beachtet werden. Unsere Kenntnis sowie unsere Zusammenarbeit mit namibischen Agenturen hat das deutlich erleichtert. Wir erledigten f\u00fcr Sie die Formalit\u00e4ten, buchten Ihre Unterk\u00fcnfte und gestalteten Ihre individuelle Tour. Auch haben wir unsere Reisebegleitung angeboten.<\/p>\n\n\n\n<div class=\"wp-block-group alignwide gallery-frame is-layout-flow wp-block-group-is-layout-flow\">\n<h2 class=\"wp-block-heading alignwide\">Namibia zum Selbst- oder Mitfahren<\/h2>\n\n\n\n<h3 class=\"wp-block-heading\">Impressionen des Landes<\/h3>\n\n\n\n<figure class=\"wp-block-gallery has-nested-images columns-6 animate1 wp-block-gallery-1 is-layout-flex wp-block-gallery-is-layout-flex\">\n<figure class=\"wp-block-image size-thumbnail\"><a href=\"https:\/\/www.reisemagnet.de\/rueckblick\/wp-content\/uploads\/namibia-01.jpg\"><img decoding=\"async\" src=\"https:\/\/www.reisemagnet.de\/rueckblick\/wp-content\/uploads\/namibia-01-250x167.jpg\" alt=\"\" class=\"wp-image-2857\"\/><\/a><figcaption class=\"wp-element-caption\">Leben und Treiben in Windhoek.<\/figcaption><\/figure>\n\n\n\n<figure class=\"wp-block-image size-thumbnail\"><a href=\"https:\/\/www.reisemagnet.de\/rueckblick\/wp-content\/uploads\/namibia-02.jpg\"><img decoding=\"async\" src=\"https:\/\/www.reisemagnet.de\/rueckblick\/wp-content\/uploads\/namibia-02-250x167.jpg\" alt=\"\" class=\"wp-image-2858\"\/><\/a><figcaption class=\"wp-element-caption\">Bahnstation weitab jeder Siedlung.<\/figcaption><\/figure>\n\n\n\n<figure class=\"wp-block-image size-thumbnail\"><a href=\"https:\/\/www.reisemagnet.de\/rueckblick\/wp-content\/uploads\/namibia-03.jpg\"><img decoding=\"async\" src=\"https:\/\/www.reisemagnet.de\/rueckblick\/wp-content\/uploads\/namibia-03-250x167.jpg\" alt=\"\" class=\"wp-image-2859\"\/><\/a><figcaption class=\"wp-element-caption\">Wenige asphaltierte, weite Stra\u00dfen.<\/figcaption><\/figure>\n\n\n\n<figure class=\"wp-block-image size-thumbnail\"><a href=\"https:\/\/www.reisemagnet.de\/rueckblick\/wp-content\/uploads\/namibia-04.jpg\"><img decoding=\"async\" src=\"https:\/\/www.reisemagnet.de\/rueckblick\/wp-content\/uploads\/namibia-04-250x167.jpg\" alt=\"\" class=\"wp-image-2860\"\/><\/a><figcaption class=\"wp-element-caption\">Auch in kleinen Siedlungen wundersch\u00f6ne Kirchen.<\/figcaption><\/figure>\n\n\n\n<figure class=\"wp-block-image size-thumbnail\"><a href=\"https:\/\/www.reisemagnet.de\/rueckblick\/wp-content\/uploads\/namibia-05.jpg\"><img decoding=\"async\" src=\"https:\/\/www.reisemagnet.de\/rueckblick\/wp-content\/uploads\/namibia-05-250x167.jpg\" alt=\"\" class=\"wp-image-2861\"\/><\/a><figcaption class=\"wp-element-caption\">Der grandiose Fishrivercanon im S\u00fcden des Landes.<\/figcaption><\/figure>\n\n\n\n<figure class=\"wp-block-image size-thumbnail\"><a href=\"https:\/\/www.reisemagnet.de\/rueckblick\/wp-content\/uploads\/namibia-06.jpg\"><img decoding=\"async\" src=\"https:\/\/www.reisemagnet.de\/rueckblick\/wp-content\/uploads\/namibia-06-250x167.jpg\" alt=\"\" class=\"wp-image-2862\"\/><\/a><figcaption class=\"wp-element-caption\">Das Gel\u00e4nde der Lodge nahe des Fishrivercanons.<\/figcaption><\/figure>\n\n\n\n<figure class=\"wp-block-image size-thumbnail\"><a href=\"https:\/\/www.reisemagnet.de\/rueckblick\/wp-content\/uploads\/namibia-07.jpg\"><img decoding=\"async\" src=\"https:\/\/www.reisemagnet.de\/rueckblick\/wp-content\/uploads\/namibia-07-250x167.jpg\" alt=\"\" class=\"wp-image-2863\"\/><\/a><figcaption class=\"wp-element-caption\">Ausgewaschenes Flussbett.<\/figcaption><\/figure>\n\n\n\n<figure class=\"wp-block-image size-thumbnail\"><a href=\"https:\/\/www.reisemagnet.de\/rueckblick\/wp-content\/uploads\/namibia-08.jpg\"><img decoding=\"async\" src=\"https:\/\/www.reisemagnet.de\/rueckblick\/wp-content\/uploads\/namibia-08-250x167.jpg\" alt=\"\" class=\"wp-image-2864\"\/><\/a><figcaption class=\"wp-element-caption\">Campplace der Namib auf dem Weg zur Soussusvlei.<\/figcaption><\/figure>\n\n\n\n<figure class=\"wp-block-image size-thumbnail\"><a href=\"https:\/\/www.reisemagnet.de\/rueckblick\/wp-content\/uploads\/namibia-09.jpg\"><img decoding=\"async\" src=\"https:\/\/www.reisemagnet.de\/rueckblick\/wp-content\/uploads\/namibia-09-250x167.jpg\" alt=\"\" class=\"wp-image-2865\"\/><\/a><figcaption class=\"wp-element-caption\">D\u00fcne 48, die &#8222;Sonnenaufgangs-D\u00fcne&#8220;.<\/figcaption><\/figure>\n\n\n\n<figure class=\"wp-block-image size-thumbnail\"><a href=\"https:\/\/www.reisemagnet.de\/rueckblick\/wp-content\/uploads\/namibia-10.jpg\"><img decoding=\"async\" src=\"https:\/\/www.reisemagnet.de\/rueckblick\/wp-content\/uploads\/namibia-10-250x167.jpg\" alt=\"\" class=\"wp-image-2866\"\/><\/a><figcaption class=\"wp-element-caption\">Das trockene Soussusvlei.<\/figcaption><\/figure>\n\n\n\n<figure class=\"wp-block-image size-thumbnail\"><a href=\"https:\/\/www.reisemagnet.de\/rueckblick\/wp-content\/uploads\/namibia-11.jpg\"><img decoding=\"async\" src=\"https:\/\/www.reisemagnet.de\/rueckblick\/wp-content\/uploads\/namibia-11-250x167.jpg\" alt=\"\" class=\"wp-image-2867\"\/><\/a><figcaption class=\"wp-element-caption\">Im Vlei.<\/figcaption><\/figure>\n\n\n\n<figure class=\"wp-block-image size-thumbnail\"><a href=\"https:\/\/www.reisemagnet.de\/rueckblick\/wp-content\/uploads\/namibia-12.jpg\"><img decoding=\"async\" src=\"https:\/\/www.reisemagnet.de\/rueckblick\/wp-content\/uploads\/namibia-12-250x167.jpg\" alt=\"\" class=\"wp-image-2868\"\/><\/a><figcaption class=\"wp-element-caption\">Das Vlei von den hohen D\u00fcnen aus.<\/figcaption><\/figure>\n\n\n\n<figure class=\"wp-block-image size-thumbnail\"><a href=\"https:\/\/www.reisemagnet.de\/rueckblick\/wp-content\/uploads\/namibia-13.jpg\"><img decoding=\"async\" src=\"https:\/\/www.reisemagnet.de\/rueckblick\/wp-content\/uploads\/namibia-13-250x167.jpg\" alt=\"\" class=\"wp-image-2869\"\/><\/a><figcaption class=\"wp-element-caption\">Das Tal der Vlei.<\/figcaption><\/figure>\n\n\n\n<figure class=\"wp-block-image size-thumbnail\"><a href=\"https:\/\/www.reisemagnet.de\/rueckblick\/wp-content\/uploads\/namibia-14.jpg\"><img decoding=\"async\" src=\"https:\/\/www.reisemagnet.de\/rueckblick\/wp-content\/uploads\/namibia-14-250x167.jpg\" alt=\"\" class=\"wp-image-2870\"\/><\/a><figcaption class=\"wp-element-caption\">Der K\u00f6cherbaum, das Wahrzeichen Namibias.<\/figcaption><\/figure>\n\n\n\n<figure class=\"wp-block-image size-thumbnail\"><a href=\"https:\/\/www.reisemagnet.de\/rueckblick\/wp-content\/uploads\/namibia-15.jpg\"><img decoding=\"async\" src=\"https:\/\/www.reisemagnet.de\/rueckblick\/wp-content\/uploads\/namibia-15-250x167.jpg\" alt=\"\" class=\"wp-image-2871\"\/><\/a><figcaption class=\"wp-element-caption\">Das Ende eines Wadis, aus dem sich das aus den Bergen kommende Wasser in die Vlei ergie\u00dft.<\/figcaption><\/figure>\n\n\n\n<figure class=\"wp-block-image size-thumbnail\"><a href=\"https:\/\/www.reisemagnet.de\/rueckblick\/wp-content\/uploads\/namibia-16.jpg\"><img decoding=\"async\" src=\"https:\/\/www.reisemagnet.de\/rueckblick\/wp-content\/uploads\/namibia-16-250x167.jpg\" alt=\"\" class=\"wp-image-2872\"\/><\/a><figcaption class=\"wp-element-caption\">Sch\u00f6ne wilde Berglandschaft.<\/figcaption><\/figure>\n\n\n\n<figure class=\"wp-block-image size-thumbnail\"><a href=\"https:\/\/www.reisemagnet.de\/rueckblick\/wp-content\/uploads\/namibia-17.jpg\"><img decoding=\"async\" src=\"https:\/\/www.reisemagnet.de\/rueckblick\/wp-content\/uploads\/namibia-17-250x167.jpg\" alt=\"\" class=\"wp-image-2873\"\/><\/a><figcaption class=\"wp-element-caption\">Es geht hinauf zum Kuweisip-Pass.<\/figcaption><\/figure>\n\n\n\n<figure class=\"wp-block-image size-thumbnail\"><a href=\"https:\/\/www.reisemagnet.de\/rueckblick\/wp-content\/uploads\/namibia-18.jpg\"><img decoding=\"async\" src=\"https:\/\/www.reisemagnet.de\/rueckblick\/wp-content\/uploads\/namibia-18-250x167.jpg\" alt=\"\" class=\"wp-image-2874\"\/><\/a><figcaption class=\"wp-element-caption\">Sonnenuntergang \u00fcber der Namib.<\/figcaption><\/figure>\n\n\n\n<figure class=\"wp-block-image size-thumbnail\"><a href=\"https:\/\/www.reisemagnet.de\/rueckblick\/wp-content\/uploads\/namibia-19.jpg\"><img decoding=\"async\" src=\"https:\/\/www.reisemagnet.de\/rueckblick\/wp-content\/uploads\/namibia-19-250x167.jpg\" alt=\"\" class=\"wp-image-2875\"\/><\/a><figcaption class=\"wp-element-caption\">Gigantische glattgeschliffene Felsformationen.<\/figcaption><\/figure>\n\n\n\n<figure class=\"wp-block-image size-thumbnail\"><a href=\"https:\/\/www.reisemagnet.de\/rueckblick\/wp-content\/uploads\/namibia-20.jpg\"><img decoding=\"async\" src=\"https:\/\/www.reisemagnet.de\/rueckblick\/wp-content\/uploads\/namibia-20-250x167.jpg\" alt=\"\" class=\"wp-image-2876\"\/><\/a><figcaption class=\"wp-element-caption\">Zwischen den Felsen wundersch\u00f6ne Blumen.<\/figcaption><\/figure>\n\n\n\n<figure class=\"wp-block-image size-thumbnail\"><a href=\"https:\/\/www.reisemagnet.de\/rueckblick\/wp-content\/uploads\/namibia-21.jpg\"><img decoding=\"async\" src=\"https:\/\/www.reisemagnet.de\/rueckblick\/wp-content\/uploads\/namibia-21-250x167.jpg\" alt=\"\" class=\"wp-image-2877\"\/><\/a><figcaption class=\"wp-element-caption\">Die Nester des Webervogels sind \u00fcberallzu finden.<\/figcaption><\/figure>\n\n\n\n<figure class=\"wp-block-image size-thumbnail\"><a href=\"https:\/\/www.reisemagnet.de\/rueckblick\/wp-content\/uploads\/namibia-22.jpg\"><img decoding=\"async\" src=\"https:\/\/www.reisemagnet.de\/rueckblick\/wp-content\/uploads\/namibia-22-250x167.jpg\" alt=\"\" class=\"wp-image-2878\"\/><\/a><figcaption class=\"wp-element-caption\">Wundersch\u00f6ne alte Geb\u00e4ude entlang der Stra\u00dfe.<\/figcaption><\/figure>\n\n\n\n<figure class=\"wp-block-image size-thumbnail\"><a href=\"https:\/\/www.reisemagnet.de\/rueckblick\/wp-content\/uploads\/namibia-23.jpg\"><img decoding=\"async\" src=\"https:\/\/www.reisemagnet.de\/rueckblick\/wp-content\/uploads\/namibia-23-250x167.jpg\" alt=\"\" class=\"wp-image-2879\"\/><\/a><figcaption class=\"wp-element-caption\">Bizarre Natur.<\/figcaption><\/figure>\n\n\n\n<figure class=\"wp-block-image size-thumbnail\"><a href=\"https:\/\/www.reisemagnet.de\/rueckblick\/wp-content\/uploads\/namibia-24.jpg\"><img decoding=\"async\" src=\"https:\/\/www.reisemagnet.de\/rueckblick\/wp-content\/uploads\/namibia-24-250x167.jpg\" alt=\"\" class=\"wp-image-2880\"\/><\/a><figcaption class=\"wp-element-caption\">Das Eingangsportal zum Etosha-Nationalpark.<\/figcaption><\/figure>\n\n\n\n<figure class=\"wp-block-image size-thumbnail\"><a href=\"https:\/\/www.reisemagnet.de\/rueckblick\/wp-content\/uploads\/namibia-25.jpg\"><img decoding=\"async\" src=\"https:\/\/www.reisemagnet.de\/rueckblick\/wp-content\/uploads\/namibia-25-250x167.jpg\" alt=\"\" class=\"wp-image-2881\"\/><\/a><figcaption class=\"wp-element-caption\">Im Nationalpark.<\/figcaption><\/figure>\n\n\n\n<figure class=\"wp-block-image size-thumbnail\"><a href=\"https:\/\/www.reisemagnet.de\/rueckblick\/wp-content\/uploads\/namibia-26.jpg\"><img decoding=\"async\" src=\"https:\/\/www.reisemagnet.de\/rueckblick\/wp-content\/uploads\/namibia-26-250x167.jpg\" alt=\"\" class=\"wp-image-2882\"\/><\/a><figcaption class=\"wp-element-caption\">Sonnenuntergang im Nationalpark.<\/figcaption><\/figure>\n\n\n\n<figure class=\"wp-block-image size-thumbnail\"><a href=\"https:\/\/www.reisemagnet.de\/rueckblick\/wp-content\/uploads\/namibia-27.jpg\"><img decoding=\"async\" src=\"https:\/\/www.reisemagnet.de\/rueckblick\/wp-content\/uploads\/namibia-27-250x167.jpg\" alt=\"\" class=\"wp-image-2883\"\/><\/a><figcaption class=\"wp-element-caption\">Giraffen begleiten uns ein St\u00fcck.<\/figcaption><\/figure>\n\n\n\n<figure class=\"wp-block-image size-thumbnail\"><a href=\"https:\/\/www.reisemagnet.de\/rueckblick\/wp-content\/uploads\/namibia-28.jpg\"><img decoding=\"async\" src=\"https:\/\/www.reisemagnet.de\/rueckblick\/wp-content\/uploads\/namibia-28-250x167.jpg\" alt=\"\" class=\"wp-image-2884\"\/><\/a><figcaption class=\"wp-element-caption\">Und wieder der Webervogel.<\/figcaption><\/figure>\n\n\n\n<figure class=\"wp-block-image size-thumbnail\"><a href=\"https:\/\/www.reisemagnet.de\/rueckblick\/wp-content\/uploads\/namibia-29.jpg\"><img decoding=\"async\" src=\"https:\/\/www.reisemagnet.de\/rueckblick\/wp-content\/uploads\/namibia-29-250x167.jpg\" alt=\"\" class=\"wp-image-2885\"\/><\/a><figcaption class=\"wp-element-caption\">Das &#8222;Arizona&#8220; von Namibia nahe der Fingerklippe.<\/figcaption><\/figure>\n\n\n\n<figure class=\"wp-block-image size-thumbnail\"><a href=\"https:\/\/www.reisemagnet.de\/rueckblick\/wp-content\/uploads\/namibia-30.jpg\"><img decoding=\"async\" src=\"https:\/\/www.reisemagnet.de\/rueckblick\/wp-content\/uploads\/namibia-30-250x167.jpg\" alt=\"\" class=\"wp-image-2886\"\/><\/a><figcaption class=\"wp-element-caption\">Die Fingerklippe.<\/figcaption><\/figure>\n\n\n\n<figure class=\"wp-block-image size-thumbnail\"><a href=\"https:\/\/www.reisemagnet.de\/rueckblick\/wp-content\/uploads\/namibia-31.jpg\"><img decoding=\"async\" src=\"https:\/\/www.reisemagnet.de\/rueckblick\/wp-content\/uploads\/namibia-31-250x167.jpg\" alt=\"\" class=\"wp-image-2887\"\/><\/a><figcaption class=\"wp-element-caption\">Die Christus-Kirche in Windhoek<\/figcaption><\/figure>\n<\/figure>\n<\/div>\n","protected":false},"excerpt":{"rendered":"<p>Namibia f\u00fcr Individual\u00adreisende Unser Angebot war die Organisation und Vermittlung Ihrer privaten Tour, sei es mit dem 4&#215;4-Offroad-Fahrzeug oder klassisch mit dem PKW. Die Einreise nach Namibia galt als relativ einfach. Allerdings mussten f\u00fcr die Reise im Land einige grundlegende Dinge beachtet werden. Unsere Kenntnis sowie unsere Zusammenarbeit mit namibischen Agenturen hat das deutlich erleichtert. [&hellip;]<\/p>\n","protected":false},"author":1,"featured_media":0,"parent":0,"menu_order":0,"comment_status":"closed","ping_status":"closed","template":"","meta":{"footnotes":""},"class_list":["post-2850","page","type-page","status-publish","hentry"],"_links":{"self":[{"href":"https:\/\/www.reisemagnet.de\/rueckblick\/wp-json\/wp\/v2\/pages\/2850","targetHints":{"allow":["GET"]}}],"collection":[{"href":"https:\/\/www.reisemagnet.de\/rueckblick\/wp-json\/wp\/v2\/pages"}],"about":[{"href":"https:\/\/www.reisemagnet.de\/rueckblick\/wp-json\/wp\/v2\/types\/page"}],"author":[{"embeddable":true,"href":"https:\/\/www.reisemagnet.de\/rueckblick\/wp-json\/wp\/v2\/users\/1"}],"replies":[{"embeddable":true,"href":"https:\/\/www.reisemagnet.de\/rueckblick\/wp-json\/wp\/v2\/comments?post=2850"}],"version-history":[{"count":1,"href":"https:\/\/www.reisemagnet.de\/rueckblick\/wp-json\/wp\/v2\/pages\/2850\/revisions"}],"predecessor-version":[{"id":5783,"href":"https:\/\/www.reisemagnet.de\/rueckblick\/wp-json\/wp\/v2\/pages\/2850\/revisions\/5783"}],"wp:attachment":[{"href":"https:\/\/www.reisemagnet.de\/rueckblick\/wp-json\/wp\/v2\/media?parent=2850"}],"curies":[{"name":"wp","href":"https:\/\/api.w.org\/{rel}","templated":true}]}}